{"id":175,"date":"2016-02-14T15:02:34","date_gmt":"2016-02-14T15:02:34","guid":{"rendered":"http:\/\/demo.djmimi.net\/themes\/industry\/?page_id=175"},"modified":"2022-01-13T11:55:11","modified_gmt":"2022-01-13T14:55:11","slug":"sobre-nos","status":"publish","type":"page","link":"http:\/\/minertech.eng.br\/index.php\/sobre-nos\/","title":{"rendered":"Sobre N\u00f3s"},"content":{"rendered":"<p>[vc_row][vc_column width=&#8221;1\/2&#8243;][vc_column_text]Metalurgia extrativa \u00e9 a ci\u00eancia de separar minerais alvo e metais de min\u00e9rios em estado bruto. A MINERTECH \u00e9 uma empresa atuante neste segmento de mercado contribuindo com fornecimento de seus produtos e servi\u00e7os. Projetamos e fabricamos equipamentos e pe\u00e7as sobressalentes para moderniza\u00e7\u00e3o e aumento da capacidade produtiva das mineradoras, acompanhados por excel\u00eancia em servi\u00e7os de pr\u00e9-venda e p\u00f3s-venda. Com experi\u00eancia e vivencia multidisciplinar em empreendimentos miner\u00e1rios, atuamos em parceria no desenvolvimento e opera\u00e7\u00e3o de novas \u00e1reas bem como recupera\u00e7\u00e3o de \u00e1reas degradadas com viabilidade econ\u00f4mica.[\/vc_column_text][\/vc_column][vc_column width=&#8221;1\/2&#8243;][vc_single_image image=&#8221;625&#8243; img_size=&#8221;large&#8221;][\/vc_column][\/vc_row]<\/p>\n","protected":false},"excerpt":{"rendered":"<p>[vc_row][vc_column width=&#8221;1\/2&#8243;][vc_column_text]Metalurgia extrativa \u00e9 a ci\u00eancia de separar minerais alvo e metais de min\u00e9rios em estado bruto. A MINERTECH \u00e9 uma empresa atuante neste segmento de mercado contribuindo com fornecimento de seus produtos e servi\u00e7os. Projetamos e fabricamos equipamentos e pe\u00e7as sobressalentes para moderniza\u00e7\u00e3o e aumento da capacidade produtiva das mineradoras, acompanhados por excel\u00eancia em [&hellip;]<\/p>\n","protected":false},"author":2,"featured_media":0,"parent":0,"menu_order":0,"comment_status":"closed","ping_status":"closed","template":"page-tpl_full_width.php","meta":{"footnotes":""},"_links":{"self":[{"href":"http:\/\/minertech.eng.br\/index.php\/wp-json\/wp\/v2\/pages\/175"}],"collection":[{"href":"http:\/\/minertech.eng.br\/index.php\/wp-json\/wp\/v2\/pages"}],"about":[{"href":"http:\/\/minertech.eng.br\/index.php\/wp-json\/wp\/v2\/types\/page"}],"author":[{"embeddable":true,"href":"http:\/\/minertech.eng.br\/index.php\/wp-json\/wp\/v2\/users\/2"}],"replies":[{"embeddable":true,"href":"http:\/\/minertech.eng.br\/index.php\/wp-json\/wp\/v2\/comments?post=175"}],"version-history":[{"count":7,"href":"http:\/\/minertech.eng.br\/index.php\/wp-json\/wp\/v2\/pages\/175\/revisions"}],"predecessor-version":[{"id":626,"href":"http:\/\/minertech.eng.br\/index.php\/wp-json\/wp\/v2\/pages\/175\/revisions\/626"}],"wp:attachment":[{"href":"http:\/\/minertech.eng.br\/index.php\/wp-json\/wp\/v2\/media?parent=175"}],"curies":[{"name":"wp","href":"https:\/\/api.w.org\/{rel}","templated":true}]}}