{"id":514,"date":"2019-12-11T13:56:49","date_gmt":"2019-12-11T16:56:49","guid":{"rendered":"http:\/\/minertech.eng.br\/?page_id=514"},"modified":"2022-02-13T20:11:32","modified_gmt":"2022-02-13T23:11:32","slug":"separador-magnetico-de-alta-intensidade","status":"publish","type":"page","link":"http:\/\/minertech.eng.br\/index.php\/separador-magnetico-de-alta-intensidade\/","title":{"rendered":"SEPARADOR MAGN\u00c9TICO DE ALTA INTENSIDADE"},"content":{"rendered":"<p>[vc_row][vc_column width=&#8221;2\/3&#8243;][vc_column_text]JONES WHIMS\u00ae \u00e9 o equipamento adequado para concentra\u00e7\u00e3o via \u00famida de min\u00e9rios de fina granulometria e com propriedades distintas, magn\u00e9ticas e paramagn\u00e9ticas, separando ou concentrando componentes de baixa susceptibilidade magn\u00e9tica daqueles que n\u00e3o possuem susceptibilidade magn\u00e9tica. O beneficiamento de finos de min\u00e9rio de ferro \u00e9 largamente o principal mercado de aplica\u00e7\u00e3o do separador magn\u00e9tico de alta intensidade JONES WHIMS\u00ae. Pioneiramente, a Companhia Vale do Rio Doce em suas instala\u00e7\u00f5es na cidade de Itabira (MG) come\u00e7ou a operar as primeiras unidades industriais deste modelo de equipamento no ano de 1969, tecnologia desenvolvida pela KHD Humboldt Wedag GmbH. Desde ent\u00e3o as usinas de concentra\u00e7\u00e3o do quadril\u00e1tero ferr\u00edfero mineiro acumulam sobremaneira o maior n\u00famero de equipamentos industriais aplicados, isso mundialmente falando.<\/p>\n<p>O corpo t\u00e9cnico da MINERTECH acumula vasta experi\u00eancia na opera\u00e7\u00e3o, manuten\u00e7\u00e3o, engenharia e comissionamento destes equipamentos desde o ano de 1997, dentro e fora do Brasil. Oferecemos sobressalentes para todos os modelos de separadores em opera\u00e7\u00e3o atualmente, tendo como destaque os PACOTES OU MATRIZES MAGN\u00c9TICAS.[\/vc_column_text][vc_btn title=&#8221;Ver Cat\u00e1logo&#8221; color=&#8221;primary&#8221; align=&#8221;left&#8221; link=&#8221;url:http%3A%2F%2Fminertech.eng.br%2Fwp-content%2Fuploads%2F2019%2F12%2FGROOVED-PLATES_BROCHURE.pdf||target:%20_blank|&#8221; css=&#8221;.vc_custom_1576084766077{margin-top: 50px !important;}&#8221;][\/vc_column][vc_column width=&#8221;1\/3&#8243;][vc_single_image image=&#8221;476&#8243; img_size=&#8221;large&#8221; add_caption=&#8221;yes&#8221; alignment=&#8221;center&#8221;][\/vc_column][\/vc_row][vc_row full_width=&#8221;stretch_row&#8221; css=&#8221;.vc_custom_1576064630093{padding-top: 50px !important;padding-bottom: 50px !important;}&#8221; el_id=&#8221;jones-whims&#8221;][vc_column]<div class=\"ind-title-wrap\"><h4 style=\"\" class=\"ind-title\">JONES WHIMS\u00ae SOBRESSALENTES<\/h4><\/div>[vc_empty_space height=&#8221;50px&#8221;][vc_tta_tour][vc_tta_section title=&#8221;SEPARADOR MAGN\u00c9TICO DE ALTA INTENSIDADE&#8221; tab_id=&#8221;1455652486480-f671d67f-5c7ca811-01ab&#8221;][vc_row_inner][vc_column_inner width=&#8221;1\/2&#8243;][vc_single_image image=&#8221;621&#8243; img_size=&#8221;Full&#8221; alignment=&#8221;center&#8221; style=&#8221;vc_box_circle_2&#8243; onclick=&#8221;img_link_large&#8221;][\/vc_column_inner][vc_column_inner width=&#8221;1\/2&#8243;][vc_column_text]JONES WHIMS\u00ae \u00e9 o equipamento adequado para concentra\u00e7\u00e3o via \u00famida de min\u00e9rios de fina granulometria e com propriedades distintas, magn\u00e9ticas e paramagn\u00e9ticas, separando ou concentrando componentes de baixa susceptibilidade magn\u00e9tica daqueles que n\u00e3o possuem susceptibilidade magn\u00e9tica. O beneficiamento de finos de min\u00e9rio de ferro \u00e9 largamente o principal mercado de aplica\u00e7\u00e3o do separador magn\u00e9tico de alta intensidade JONES WHIMS\u00ae. Pioneiramente, a Companhia Vale do Rio Doce em suas instala\u00e7\u00f5es na cidade de Itabira (MG) come\u00e7ou a operar as primeiras unidades industriais deste modelo de equipamento no ano de 1969, tecnologia desenvolvida pela KHD Humboldt Wedag GmbH.[\/vc_column_text][vc_column_text]<a href=\"http:\/\/minertech.eng.br\/index.php\/separador-magnetico-de-alta-intensidade\/\"><strong>CONTINUE LENDO<\/strong><\/a>[\/vc_column_text][\/vc_column_inner][\/vc_row_inner][\/vc_tta_section][vc_tta_section title=&#8221;PACOTES OU MATRIZES MAGN\u00c9TICAS&#8221; tab_id=&#8221;1455652486566-980bcf13-e329a811-01ab&#8221;][vc_row_inner][vc_column_inner width=&#8221;1\/2&#8243;][vc_single_image image=&#8221;638&#8243; img_size=&#8221;full&#8221; style=&#8221;vc_box_circle_2&#8243;][\/vc_column_inner][vc_column_inner width=&#8221;1\/2&#8243;][vc_column_text]A MINERTECH se posiciona como a melhor alternativa para o mercado de matrizes magn\u00e9ticas, com s\u00f3lida base inicial de diferentes projetos de fabrica\u00e7\u00e3o, estudo e modelamento matem\u00e1tico, desenvolvimento de ferramental produtivo (usinagem\/montagem) e vivencia operacional com o Separador Magn\u00e9tico de Alta Intensidade JONES WHIMS\u00ae.[\/vc_column_text][vc_column_text]<a href=\"http:\/\/minertech.eng.br\/index.php\/pacotes-ou-matrizes-magneticas\/\"><strong>CONTINUE LENDO<\/strong><\/a>[\/vc_column_text][\/vc_column_inner][\/vc_row_inner][\/vc_tta_section][vc_tta_section title=&#8221;DIVISOR\/CUNHA&#8221; tab_id=&#8221;1455653152754-bf0486f9-0db0a811-01ab&#8221;][vc_row_inner][vc_column_inner width=&#8221;1\/2&#8243;][vc_column_text]<img loading=\"lazy\" decoding=\"async\" class=\"wp-image-582 aligncenter\" src=\"http:\/\/minertech.eng.br\/wp-content\/uploads\/2020\/02\/19_SW-300x225.jpg\" alt=\"\" width=\"488\" height=\"366\" srcset=\"http:\/\/minertech.eng.br\/wp-content\/uploads\/2020\/02\/19_SW-300x225.jpg 300w, http:\/\/minertech.eng.br\/wp-content\/uploads\/2020\/02\/19_SW-768x576.jpg 768w, http:\/\/minertech.eng.br\/wp-content\/uploads\/2020\/02\/19_SW-1024x768.jpg 1024w, http:\/\/minertech.eng.br\/wp-content\/uploads\/2020\/02\/19_SW-900x675.jpg 900w, http:\/\/minertech.eng.br\/wp-content\/uploads\/2020\/02\/19_SW-409x307.jpg 409w, http:\/\/minertech.eng.br\/wp-content\/uploads\/2020\/02\/19_SW-555x416.jpg 555w, http:\/\/minertech.eng.br\/wp-content\/uploads\/2020\/02\/19_SW-471x353.jpg 471w, http:\/\/minertech.eng.br\/wp-content\/uploads\/2020\/02\/19_SW-653x490.jpg 653w, http:\/\/minertech.eng.br\/wp-content\/uploads\/2020\/02\/19_SW.jpg 1280w\" sizes=\"(max-width: 488px) 100vw, 488px\" \/>[\/vc_column_text][\/vc_column_inner][vc_column_inner width=&#8221;1\/2&#8243;][vc_column_text]A MINERTECH, sob um projeto inovador, oferece uma op\u00e7\u00e3o de divisores robusta mecanicamente, substancialmente mais leve e de alto desempenho \u00e0 abras\u00e3o. Estruturalmente ocos, nossos divisores constru\u00eddos em a\u00e7o inoxid\u00e1vel paramagn\u00e9tico ou bronze s\u00e3o destacadamente mais leves, por\u00e9m mantem a mesma seguran\u00e7a mec\u00e2nica de um componente construtivamente maci\u00e7o.[\/vc_column_text][vc_column_text]<a href=\"http:\/\/minertech.eng.br\/index.php\/divisor-cunha\/\"><strong>CONTINUE LENDO<\/strong><\/a>[\/vc_column_text][\/vc_column_inner][\/vc_row_inner][\/vc_tta_section][vc_tta_section title=&#8221;PLACA DE FECHAMENTO&#8221; tab_id=&#8221;1455653175918-279a4006-0a7ca811-01ab&#8221;][vc_row_inner][vc_column_inner width=&#8221;1\/2&#8243;][vc_column_text]<img loading=\"lazy\" decoding=\"async\" class=\"wp-image-588 aligncenter\" src=\"http:\/\/minertech.eng.br\/wp-content\/uploads\/2020\/02\/30_CLP-e1581366752867-169x300.jpg\" alt=\"\" width=\"272\" height=\"483\" srcset=\"http:\/\/minertech.eng.br\/wp-content\/uploads\/2020\/02\/30_CLP-e1581366752867-169x300.jpg 169w, http:\/\/minertech.eng.br\/wp-content\/uploads\/2020\/02\/30_CLP-e1581366752867-768x1367.jpg 768w, http:\/\/minertech.eng.br\/wp-content\/uploads\/2020\/02\/30_CLP-e1581366752867-575x1024.jpg 575w, http:\/\/minertech.eng.br\/wp-content\/uploads\/2020\/02\/30_CLP-e1581366752867-900x1601.jpg 900w, http:\/\/minertech.eng.br\/wp-content\/uploads\/2020\/02\/30_CLP-e1581366752867-409x728.jpg 409w, http:\/\/minertech.eng.br\/wp-content\/uploads\/2020\/02\/30_CLP-e1581366752867-555x988.jpg 555w, http:\/\/minertech.eng.br\/wp-content\/uploads\/2020\/02\/30_CLP-e1581366752867-471x838.jpg 471w, http:\/\/minertech.eng.br\/wp-content\/uploads\/2020\/02\/30_CLP-e1581366752867-653x1162.jpg 653w\" sizes=\"(max-width: 272px) 100vw, 272px\" \/>[\/vc_column_text][\/vc_column_inner][vc_column_inner width=&#8221;1\/2&#8243;][vc_column_text]A MINERTECH fornece placas de fechamento para todos os modelos de separadores magn\u00e9ticos em opera\u00e7\u00e3o. Este componente, al\u00e9m de cumprir o papel de fixa\u00e7\u00e3o das matrizes magn\u00e9ticas junto a rotor, trabalha como uma extens\u00e3o do polo magn\u00e9tico exercendo tamb\u00e9m importante fun\u00e7\u00e3o no bom desempenho do circuito magn\u00e9tico do equipamento. Possu\u00edmos a op\u00e7\u00e3o de melhor rela\u00e7\u00e3o custo\/benef\u00edcio para este item. Saiba mais com a MINERTECH.[\/vc_column_text][vc_column_text]<a href=\"http:\/\/minertech.eng.br\/index.php\/placa-de-fechamento\/\"><strong>CONTINUE LENDO<\/strong><\/a>[\/vc_column_text][\/vc_column_inner][\/vc_row_inner][\/vc_tta_section][vc_tta_section title=&#8221;RETROFIT DE BOBINAS&#8221; tab_id=&#8221;1455653189584-ce99c366-27c6a811-01ab&#8221;][vc_row_inner][vc_column_inner width=&#8221;1\/2&#8243;][vc_column_text]<img loading=\"lazy\" decoding=\"async\" class=\"wp-image-592 aligncenter\" src=\"http:\/\/minertech.eng.br\/wp-content\/uploads\/2020\/02\/26_COILS-300x215.jpg\" alt=\"\" width=\"440\" height=\"315\" srcset=\"http:\/\/minertech.eng.br\/wp-content\/uploads\/2020\/02\/26_COILS-300x215.jpg 300w, http:\/\/minertech.eng.br\/wp-content\/uploads\/2020\/02\/26_COILS-768x551.jpg 768w, http:\/\/minertech.eng.br\/wp-content\/uploads\/2020\/02\/26_COILS-1024x735.jpg 1024w, http:\/\/minertech.eng.br\/wp-content\/uploads\/2020\/02\/26_COILS-900x646.jpg 900w, http:\/\/minertech.eng.br\/wp-content\/uploads\/2020\/02\/26_COILS-409x294.jpg 409w, http:\/\/minertech.eng.br\/wp-content\/uploads\/2020\/02\/26_COILS-555x398.jpg 555w, http:\/\/minertech.eng.br\/wp-content\/uploads\/2020\/02\/26_COILS-471x338.jpg 471w, http:\/\/minertech.eng.br\/wp-content\/uploads\/2020\/02\/26_COILS-653x469.jpg 653w, http:\/\/minertech.eng.br\/wp-content\/uploads\/2020\/02\/26_COILS.jpg 1392w\" sizes=\"(max-width: 440px) 100vw, 440px\" \/>[\/vc_column_text][\/vc_column_inner][vc_column_inner width=&#8221;1\/2&#8243;][vc_column_text]Retrofit \u00e9 um termo utilizado principalmente em engenharia para designar o processo de moderniza\u00e7\u00e3o de algum equipamento ou componente do mesmo. Vai muito al\u00e9m de uma simples \u201creforma\u201d, atualiza, incorpora tecnologia, agrega valor, otimiza resultados e\/ou reduz custos operacionais.[\/vc_column_text][vc_column_text]<a href=\"http:\/\/minertech.eng.br\/index.php\/retrofit-de-bobinas\/\"><strong>CONTINUE LENDO<\/strong><\/a>[\/vc_column_text][\/vc_column_inner][\/vc_row_inner][\/vc_tta_section][\/vc_tta_tour][\/vc_column][\/vc_row][vc_row full_width=&#8221;stretch_row_content&#8221; content_placement=&#8221;middle&#8221; css=&#8221;.vc_custom_1576155534037{margin-bottom: -80px !important;background: #00c1f1 url(http:\/\/minertech.eng.br\/wp-content\/uploads\/2019\/12\/call-to-action-azul.jpg?id=564) !important;}&#8221;][vc_column el_id=&#8221;call-to-action-downloads&#8221;]<div class=\"ind-cta\">\r\n\t\t<h4 style=\"\">FA\u00c7A DOWNLOAD DOS NOSSOS CAT\u00c1LOGOS<\/h4>\r\n\t\t<a href=\"http:\/\/minertech.eng.br\/index.php\/downloads\/\" class=\"btn\">DOWNLOADS<\/a>\r\n\t<\/div>[\/vc_column][\/vc_row]<\/p>\n","protected":false},"excerpt":{"rendered":"<p>[vc_row][vc_column width=&#8221;2\/3&#8243;][vc_column_text]JONES WHIMS\u00ae \u00e9 o equipamento adequado para concentra\u00e7\u00e3o via \u00famida de min\u00e9rios de fina granulometria e com propriedades distintas, magn\u00e9ticas e paramagn\u00e9ticas, separando ou concentrando componentes de baixa susceptibilidade magn\u00e9tica daqueles que n\u00e3o possuem susceptibilidade magn\u00e9tica. O beneficiamento de finos de min\u00e9rio de ferro \u00e9 largamente o principal mercado de aplica\u00e7\u00e3o do separador magn\u00e9tico [&hellip;]<\/p>\n","protected":false},"author":2,"featured_media":0,"parent":0,"menu_order":0,"comment_status":"closed","ping_status":"closed","template":"page-tpl_full_width.php","meta":{"footnotes":""},"_links":{"self":[{"href":"http:\/\/minertech.eng.br\/index.php\/wp-json\/wp\/v2\/pages\/514"}],"collection":[{"href":"http:\/\/minertech.eng.br\/index.php\/wp-json\/wp\/v2\/pages"}],"about":[{"href":"http:\/\/minertech.eng.br\/index.php\/wp-json\/wp\/v2\/types\/page"}],"author":[{"embeddable":true,"href":"http:\/\/minertech.eng.br\/index.php\/wp-json\/wp\/v2\/users\/2"}],"replies":[{"embeddable":true,"href":"http:\/\/minertech.eng.br\/index.php\/wp-json\/wp\/v2\/comments?post=514"}],"version-history":[{"count":37,"href":"http:\/\/minertech.eng.br\/index.php\/wp-json\/wp\/v2\/pages\/514\/revisions"}],"predecessor-version":[{"id":656,"href":"http:\/\/minertech.eng.br\/index.php\/wp-json\/wp\/v2\/pages\/514\/revisions\/656"}],"wp:attachment":[{"href":"http:\/\/minertech.eng.br\/index.php\/wp-json\/wp\/v2\/media?parent=514"}],"curies":[{"name":"wp","href":"https:\/\/api.w.org\/{rel}","templated":true}]}}