{"id":516,"date":"2019-12-11T13:57:20","date_gmt":"2019-12-11T16:57:20","guid":{"rendered":"http:\/\/minertech.eng.br\/?page_id=516"},"modified":"2020-02-10T18:16:20","modified_gmt":"2020-02-10T21:16:20","slug":"pacotes-ou-matrizes-magneticas","status":"publish","type":"page","link":"http:\/\/minertech.eng.br\/index.php\/pacotes-ou-matrizes-magneticas\/","title":{"rendered":"PACOTES OU MATRIZES MAGN\u00c9TICAS"},"content":{"rendered":"<p>[vc_row][vc_column width=&#8221;1\/2&#8243;][vc_column_text]A MINERTECH se posiciona como a melhor alternativa para o mercado de matrizes magn\u00e9ticas, com s\u00f3lida base inicial de diferentes projetos de fabrica\u00e7\u00e3o, estudo e modelamento matem\u00e1tico, desenvolvimento de ferramental produtivo (usinagem\/montagem) e vivencia operacional com o Separador Magn\u00e9tico de Alta Intensidade JONES WHIMS\u00ae.<br \/>\nComponente tecnol\u00f3gico fundamental no Separador Magn\u00e9tico de Alta Intensidade JONES WHIMS\u00ae.<\/p>\n<p>Operasse JONES WHIMS\u00ae no quadril\u00e1tero ferr\u00edfero mineiro deste o in\u00edcio dos anos 70, muito se fez em modifica\u00e7\u00f5es ao longo destes anos, parte desde processo de cunho pr\u00e1tico, prioritariamente sem o envolvimento do fabricante original alem\u00e3o. Igualmente, muito foi feito pelo lado do fabricante original sem penetra\u00e7\u00e3o no mercado nacional em equipamentos j\u00e1 produtivos.<\/p>\n<p>O corpo t\u00e9cnico da MINERTECH acumula experi\u00eancias em ambos os lados, oferecendo a nossos clientes as melhores pr\u00e1ticas mundialmente desenvolvidas.[\/vc_column_text][\/vc_column][vc_column width=&#8221;1\/2&#8243;][vc_single_image image=&#8221;602&#8243; img_size=&#8221;large&#8221; alignment=&#8221;center&#8221;][\/vc_column][\/vc_row][vc_row][vc_column][vc_column_text css=&#8221;.vc_custom_1576084333648{margin-top: 50px !important;}&#8221;]<strong>N\u00e3o opere matrizes em avan\u00e7ado grau de desgaste!<\/strong><\/p>\n<p>Significativo enfraquecimento de campo magn\u00e9tico e perda de superf\u00edcie de contato.<\/p>\n<p>A superf\u00edcie das matrizes \u00e9 o coletor dos minerais alvo que reagem a campos magn\u00e9ticos de alta intensidade. Matrizes em grau avan\u00e7ado de desgaste oferecem significativamente menor probabilidade de colis\u00e3o e coleta destes minerais.<\/p>\n<p>Os custos de aquisi\u00e7\u00e3o deste importante item de desgaste s\u00e3o infinitamente menores que as perdas ligadas ao baixo desempenho de opera\u00e7\u00f5es com matrizes desgastadas. N\u00e3o cometa esse erro!<\/p>\n<p><strong>Saiba mais com a MINERTECH<\/strong>.[\/vc_column_text][\/vc_column][\/vc_row]<\/p>\n","protected":false},"excerpt":{"rendered":"<p>[vc_row][vc_column width=&#8221;1\/2&#8243;][vc_column_text]A MINERTECH se posiciona como a melhor alternativa para o mercado de matrizes magn\u00e9ticas, com s\u00f3lida base inicial de diferentes projetos de fabrica\u00e7\u00e3o, estudo e modelamento matem\u00e1tico, desenvolvimento de ferramental produtivo (usinagem\/montagem) e vivencia operacional com o Separador Magn\u00e9tico de Alta Intensidade JONES WHIMS\u00ae. Componente tecnol\u00f3gico fundamental no Separador Magn\u00e9tico de Alta Intensidade JONES [&hellip;]<\/p>\n","protected":false},"author":2,"featured_media":0,"parent":0,"menu_order":0,"comment_status":"closed","ping_status":"closed","template":"page-tpl_full_width.php","meta":{"footnotes":""},"_links":{"self":[{"href":"http:\/\/minertech.eng.br\/index.php\/wp-json\/wp\/v2\/pages\/516"}],"collection":[{"href":"http:\/\/minertech.eng.br\/index.php\/wp-json\/wp\/v2\/pages"}],"about":[{"href":"http:\/\/minertech.eng.br\/index.php\/wp-json\/wp\/v2\/types\/page"}],"author":[{"embeddable":true,"href":"http:\/\/minertech.eng.br\/index.php\/wp-json\/wp\/v2\/users\/2"}],"replies":[{"embeddable":true,"href":"http:\/\/minertech.eng.br\/index.php\/wp-json\/wp\/v2\/comments?post=516"}],"version-history":[{"count":6,"href":"http:\/\/minertech.eng.br\/index.php\/wp-json\/wp\/v2\/pages\/516\/revisions"}],"predecessor-version":[{"id":603,"href":"http:\/\/minertech.eng.br\/index.php\/wp-json\/wp\/v2\/pages\/516\/revisions\/603"}],"wp:attachment":[{"href":"http:\/\/minertech.eng.br\/index.php\/wp-json\/wp\/v2\/media?parent=516"}],"curies":[{"name":"wp","href":"https:\/\/api.w.org\/{rel}","templated":true}]}}