{"id":518,"date":"2019-12-11T13:57:58","date_gmt":"2019-12-11T16:57:58","guid":{"rendered":"http:\/\/minertech.eng.br\/?page_id=518"},"modified":"2020-02-10T13:38:32","modified_gmt":"2020-02-10T16:38:32","slug":"divisor-cunha","status":"publish","type":"page","link":"http:\/\/minertech.eng.br\/index.php\/divisor-cunha\/","title":{"rendered":"DIVISOR\/CUNHA"},"content":{"rendered":"<p>[vc_row][vc_column width=&#8221;2\/3&#8243;][vc_column_text]A MINERTECH, sob um projeto inovador, oferece uma op\u00e7\u00e3o de divisores robusta mecanicamente, substancialmente mais leve e de alto desempenho \u00e0 abras\u00e3o.<\/p>\n<p>Estruturalmente ocos, nossos divisores constru\u00eddos em a\u00e7o inoxid\u00e1vel paramagn\u00e9tico ou bronze s\u00e3o destacadamente mais leves, por\u00e9m mantem a mesma seguran\u00e7a mec\u00e2nica de um componente construtivamente maci\u00e7o.<\/p>\n<p>Recebemos de nossos clientes divisores desgastados ou danificados como mat\u00e9ria prima para uma nova pe\u00e7a, oferecendo assim uma op\u00e7\u00e3o de redu\u00e7\u00e3o de custos de aquisi\u00e7\u00e3o incompar\u00e1vel frente ao mercado.<\/p>\n<p>&nbsp;<\/p>\n<p>[\/vc_column_text][vc_btn title=&#8221;Ver Cat\u00e1logo&#8221; color=&#8221;primary&#8221; align=&#8221;center&#8221; link=&#8221;url:http%3A%2F%2Fminertech.eng.br%2Fwp-content%2Fuploads%2F2019%2F12%2FDIVISOR_CUNHA_MINERTECH_WHIMS.pdf||target:%20_blank|&#8221; css=&#8221;.vc_custom_1576084425460{margin-top: 50px !important;}&#8221;][\/vc_column][vc_column width=&#8221;1\/3&#8243;][vc_single_image image=&#8221;586&#8243; img_size=&#8221;large&#8221; alignment=&#8221;center&#8221;][\/vc_column][\/vc_row][vc_row css=&#8221;.vc_custom_1576084454849{margin-top: 50px !important;}&#8221;][vc_column][vc_column_text]<strong>N\u00c3O OPERE COM ESPA\u00c7ADORES E PLACAS DE FECHAMENTO EM AVAN\u00c7ADO GRAU DE DESGASTE<\/strong>[\/vc_column_text][vc_column_text]Parada para manuten\u00e7\u00e3o corretiva, o travamento do rotor junto ao polo magn\u00e9tico \u00e9 uma ocorr\u00eancia bem conhecida por operadores do separador magn\u00e9tico de alta intensidade JONES WHIMS\u00ae. O carrossel do separador possui um acionamento de alto torque, o bloqueio do mesmo junto ao polo do equipamento muitas vezes \u00e9 uma ocorr\u00eancia corretiva de alto poder de dano. Dentre outras causas, o elevado grau de desgaste principalmente dos divisores\/cunhas levam a perda da press\u00e3o de torque do parafuso que une o divisor \u00e0 placa de fechamento. O resultado \u00e9 o deslocamento da placa de fechamento na dire\u00e7\u00e3o do polo magn\u00e9tico, queda ou deslocamento da matriz magn\u00e9tica e uma s\u00e9rie de outros eventos interligados e de consequ\u00eancias majoritariamente impactantes. N\u00e3o cometa esse erro!<\/p>\n<p>&nbsp;<\/p>\n<p><strong>Saiba mais com a MINERTECH.<\/strong>[\/vc_column_text][\/vc_column][\/vc_row]<\/p>\n","protected":false},"excerpt":{"rendered":"<p>[vc_row][vc_column width=&#8221;2\/3&#8243;][vc_column_text]A MINERTECH, sob um projeto inovador, oferece uma op\u00e7\u00e3o de divisores robusta mecanicamente, substancialmente mais leve e de alto desempenho \u00e0 abras\u00e3o. Estruturalmente ocos, nossos divisores constru\u00eddos em a\u00e7o inoxid\u00e1vel paramagn\u00e9tico ou bronze s\u00e3o destacadamente mais leves, por\u00e9m mantem a mesma seguran\u00e7a mec\u00e2nica de um componente construtivamente maci\u00e7o. Recebemos de nossos clientes divisores desgastados [&hellip;]<\/p>\n","protected":false},"author":2,"featured_media":0,"parent":0,"menu_order":0,"comment_status":"closed","ping_status":"closed","template":"page-tpl_full_width.php","meta":{"footnotes":""},"_links":{"self":[{"href":"http:\/\/minertech.eng.br\/index.php\/wp-json\/wp\/v2\/pages\/518"}],"collection":[{"href":"http:\/\/minertech.eng.br\/index.php\/wp-json\/wp\/v2\/pages"}],"about":[{"href":"http:\/\/minertech.eng.br\/index.php\/wp-json\/wp\/v2\/types\/page"}],"author":[{"embeddable":true,"href":"http:\/\/minertech.eng.br\/index.php\/wp-json\/wp\/v2\/users\/2"}],"replies":[{"embeddable":true,"href":"http:\/\/minertech.eng.br\/index.php\/wp-json\/wp\/v2\/comments?post=518"}],"version-history":[{"count":6,"href":"http:\/\/minertech.eng.br\/index.php\/wp-json\/wp\/v2\/pages\/518\/revisions"}],"predecessor-version":[{"id":587,"href":"http:\/\/minertech.eng.br\/index.php\/wp-json\/wp\/v2\/pages\/518\/revisions\/587"}],"wp:attachment":[{"href":"http:\/\/minertech.eng.br\/index.php\/wp-json\/wp\/v2\/media?parent=518"}],"curies":[{"name":"wp","href":"https:\/\/api.w.org\/{rel}","templated":true}]}}