{"id":520,"date":"2019-12-11T13:58:38","date_gmt":"2019-12-11T16:58:38","guid":{"rendered":"http:\/\/minertech.eng.br\/?page_id=520"},"modified":"2022-01-13T11:43:53","modified_gmt":"2022-01-13T14:43:53","slug":"placa-de-fechamento","status":"publish","type":"page","link":"http:\/\/minertech.eng.br\/index.php\/placa-de-fechamento\/","title":{"rendered":"PLACA DE FECHAMENTO"},"content":{"rendered":"<p>[vc_row][vc_column width=&#8221;2\/3&#8243;][vc_column_text]A MINERTECH fornece placas de fechamento para todos os modelos de separadores magn\u00e9ticos em opera\u00e7\u00e3o. Este componente, al\u00e9m de cumprir o papel de fixa\u00e7\u00e3o das matrizes magn\u00e9ticas junto a rotor, trabalha como uma extens\u00e3o do polo magn\u00e9tico exercendo tamb\u00e9m importante fun\u00e7\u00e3o no bom desempenho do circuito magn\u00e9tico do equipamento.<\/p>\n<p>Possu\u00edmos a op\u00e7\u00e3o de melhor rela\u00e7\u00e3o custo\/benef\u00edcio para este item.<\/p>\n<p>&nbsp;<\/p>\n<p><strong>Saiba mais com a MINERTECH.<\/strong>[\/vc_column_text][\/vc_column][vc_column width=&#8221;1\/3&#8243;][vc_single_image image=&#8221;648&#8243; img_size=&#8221;medium&#8221; alignment=&#8221;center&#8221;][\/vc_column][\/vc_row]<\/p>\n","protected":false},"excerpt":{"rendered":"<p>[vc_row][vc_column width=&#8221;2\/3&#8243;][vc_column_text]A MINERTECH fornece placas de fechamento para todos os modelos de separadores magn\u00e9ticos em opera\u00e7\u00e3o. Este componente, al\u00e9m de cumprir o papel de fixa\u00e7\u00e3o das matrizes magn\u00e9ticas junto a rotor, trabalha como uma extens\u00e3o do polo magn\u00e9tico exercendo tamb\u00e9m importante fun\u00e7\u00e3o no bom desempenho do circuito magn\u00e9tico do equipamento. Possu\u00edmos a op\u00e7\u00e3o de melhor [&hellip;]<\/p>\n","protected":false},"author":2,"featured_media":0,"parent":0,"menu_order":0,"comment_status":"closed","ping_status":"closed","template":"page-tpl_full_width.php","meta":{"footnotes":""},"_links":{"self":[{"href":"http:\/\/minertech.eng.br\/index.php\/wp-json\/wp\/v2\/pages\/520"}],"collection":[{"href":"http:\/\/minertech.eng.br\/index.php\/wp-json\/wp\/v2\/pages"}],"about":[{"href":"http:\/\/minertech.eng.br\/index.php\/wp-json\/wp\/v2\/types\/page"}],"author":[{"embeddable":true,"href":"http:\/\/minertech.eng.br\/index.php\/wp-json\/wp\/v2\/users\/2"}],"replies":[{"embeddable":true,"href":"http:\/\/minertech.eng.br\/index.php\/wp-json\/wp\/v2\/comments?post=520"}],"version-history":[{"count":5,"href":"http:\/\/minertech.eng.br\/index.php\/wp-json\/wp\/v2\/pages\/520\/revisions"}],"predecessor-version":[{"id":649,"href":"http:\/\/minertech.eng.br\/index.php\/wp-json\/wp\/v2\/pages\/520\/revisions\/649"}],"wp:attachment":[{"href":"http:\/\/minertech.eng.br\/index.php\/wp-json\/wp\/v2\/media?parent=520"}],"curies":[{"name":"wp","href":"https:\/\/api.w.org\/{rel}","templated":true}]}}