{"id":522,"date":"2019-12-11T13:58:59","date_gmt":"2019-12-11T16:58:59","guid":{"rendered":"http:\/\/minertech.eng.br\/?page_id=522"},"modified":"2022-01-13T11:38:58","modified_gmt":"2022-01-13T14:38:58","slug":"retrofit-de-bobinas","status":"publish","type":"page","link":"http:\/\/minertech.eng.br\/index.php\/retrofit-de-bobinas\/","title":{"rendered":"RETROFIT DE BOBINAS"},"content":{"rendered":"<p>[vc_row][vc_column width=&#8221;2\/3&#8243;][vc_column_text]Retrofit \u00e9 um termo utilizado principalmente em engenharia para designar o processo de moderniza\u00e7\u00e3o de algum equipamento ou componente do mesmo. Vai muito al\u00e9m de uma simples \u201creforma\u201d, atualiza, incorpora tecnologia, agrega valor, otimiza resultados e\/ou reduz custos operacionais.<\/p>\n<p>A MINERTECH desenvolveu, em conjunto a sua representada Wagner Magnete, bobinas com n\u00facleo de fita de alum\u00ednio anodizado. Seja para novas aquisi\u00e7\u00f5es ou servi\u00e7os de retrofit em bobinas usadas ou danificadas, oferecemos uma solu\u00e7\u00e3o de alto desempenho para bobinas de separadores magn\u00e9ticos JONES WHIMS\u00ae.[\/vc_column_text][\/vc_column][vc_column width=&#8221;1\/3&#8243;][vc_single_image image=&#8221;593&#8243; img_size=&#8221;medium&#8221; alignment=&#8221;center&#8221;][\/vc_column][\/vc_row][vc_row][vc_column][vc_column_text css=&#8221;.vc_custom_1642084691610{margin-top: 35px !important;}&#8221;]<strong>N\u00daCLEO DE FITA DE ALUM\u00cdNIO ANODIZADA<\/strong><\/p>\n<p>O processo de anodiza\u00e7\u00e3o baseia-se num processo de oxida\u00e7\u00e3o. Quando o alum\u00ednio \u00e9 polarizado anodicamente em um eletr\u00f3lito como o \u00e1cido sulf\u00farico, o oxig\u00eanio \u00e9 liberado pr\u00f3ximo ao \u00e2nodo e reage com o alum\u00ednio. O resultado \u00e9 a forma\u00e7\u00e3o de \u00f3xido de alum\u00ednio. A superf\u00edcie do \u00e2nodo de alum\u00ednio \u00e9 convertida em uma camada de \u00f3xido que se liga e adere firmemente \u00e0 superf\u00edcie do metal. A liga\u00e7\u00e3o com o substrato \u00e9 t\u00e3o forte que a camada de \u00f3xido n\u00e3o pode ser removida do seu material de base met\u00e1lica, mesmo por meios mec\u00e2nicos. Como resultado temos uma camada de \u00f3xido de alum\u00ednio compacta, uniforme em todos os 4 (quatro) lados da fita e altamente isolante. Com camadas de \u00f3xido de alum\u00ednio isolante, variando apenas de 1-6 \u00b5m de espessura (extremamente fina) garantimos alta resist\u00eancia diel\u00e9trica e alta condutividade t\u00e9rmica. Outro importante benef\u00edcio: Eliminando cavidades e espa\u00e7os vazios naturais dos enrolamentos com fios de sec\u00e7\u00e3o transversal convencional, \u00e9 poss\u00edvel chegar a fatores de enchimento de at\u00e9 99,5% do volume dispon\u00edvel da bobina. Dependendo do condutor utilizado, sendo de se\u00e7\u00e3o quadrada ou redonda, laqueado ou isolado por fita, fatores de enchimento desta ordem podem chegar a apenas 52%.[\/vc_column_text][vc_column_text css=&#8221;.vc_custom_1576084992347{margin-top: 35px !important;}&#8221;]<strong>INFORMA\u00c7\u00d5ES T\u00c9CNICAS MAIS RELEVANTES:<\/strong><\/p>\n<p>\u2981 Puro alum\u00ednio Al 99.5 e E-Al 99.7 (Alta condutividade);<br \/>\n\u2981 Alta resist\u00eancia t\u00e9rmica;<br \/>\n\u2981 Alta dissipa\u00e7\u00e3o t\u00e9rmica;<br \/>\n\u2981 Classe de isola\u00e7\u00e3o &gt; H (&gt; 180\u00b0C) DIN EM 60085;<br \/>\n\u2981 Ponto de fus\u00e3o do alum\u00ednio 685\u00b0C;<br \/>\n\u2981 Ponto de fus\u00e3o do \u00f3xido de alum\u00ednio () 2000\u00b0C;<br \/>\n\u2981 Fator de preenchimento (filling factor) de at\u00e9 99,5% do volume \u00fatil dispon\u00edvel;[\/vc_column_text][vc_btn title=&#8221;Ver Cat\u00e1logo&#8221; color=&#8221;primary&#8221; align=&#8221;left&#8221; link=&#8221;url:http%3A%2F%2Fminertech.eng.br%2Fwp-content%2Fuploads%2F2019%2F12%2FCOIL-BOX_BROCHURE_SHORT_2019.pdf||target:%20_blank|&#8221; css=&#8221;.vc_custom_1576085060665{margin-top: 50px !important;}&#8221;][\/vc_column][\/vc_row]<\/p>\n","protected":false},"excerpt":{"rendered":"<p>[vc_row][vc_column width=&#8221;2\/3&#8243;][vc_column_text]Retrofit \u00e9 um termo utilizado principalmente em engenharia para designar o processo de moderniza\u00e7\u00e3o de algum equipamento ou componente do mesmo. Vai muito al\u00e9m de uma simples \u201creforma\u201d, atualiza, incorpora tecnologia, agrega valor, otimiza resultados e\/ou reduz custos operacionais. A MINERTECH desenvolveu, em conjunto a sua representada Wagner Magnete, bobinas com n\u00facleo de fita [&hellip;]<\/p>\n","protected":false},"author":2,"featured_media":0,"parent":0,"menu_order":0,"comment_status":"closed","ping_status":"closed","template":"page-tpl_full_width.php","meta":{"footnotes":""},"_links":{"self":[{"href":"http:\/\/minertech.eng.br\/index.php\/wp-json\/wp\/v2\/pages\/522"}],"collection":[{"href":"http:\/\/minertech.eng.br\/index.php\/wp-json\/wp\/v2\/pages"}],"about":[{"href":"http:\/\/minertech.eng.br\/index.php\/wp-json\/wp\/v2\/types\/page"}],"author":[{"embeddable":true,"href":"http:\/\/minertech.eng.br\/index.php\/wp-json\/wp\/v2\/users\/2"}],"replies":[{"embeddable":true,"href":"http:\/\/minertech.eng.br\/index.php\/wp-json\/wp\/v2\/comments?post=522"}],"version-history":[{"count":6,"href":"http:\/\/minertech.eng.br\/index.php\/wp-json\/wp\/v2\/pages\/522\/revisions"}],"predecessor-version":[{"id":647,"href":"http:\/\/minertech.eng.br\/index.php\/wp-json\/wp\/v2\/pages\/522\/revisions\/647"}],"wp:attachment":[{"href":"http:\/\/minertech.eng.br\/index.php\/wp-json\/wp\/v2\/media?parent=522"}],"curies":[{"name":"wp","href":"https:\/\/api.w.org\/{rel}","templated":true}]}}