{"id":443,"date":"2016-02-13T12:41:04","date_gmt":"2016-02-13T12:41:04","guid":{"rendered":"http:\/\/demo.djmimi.net\/themes\/industry\/?page_id=2"},"modified":"2025-09-25T21:31:30","modified_gmt":"2025-09-26T00:31:30","slug":"home-page","status":"publish","type":"page","link":"https:\/\/minertech.eng.br\/","title":{"rendered":"Home Page"},"content":{"rendered":"<p>[vc_row full_width=&#8221;stretch_row&#8221; css=&#8221;.vc_custom_1576064630093{padding-top: 50px !important;padding-bottom: 50px !important;}&#8221; el_id=&#8221;jones-whims&#8221;][vc_column]<div class=\"ind-title-wrap\"><h4 style=\"\" class=\"ind-title\">JONES WHIMS\u00ae SOBRESSALENTES<\/h4><\/div>[vc_empty_space height=&#8221;50px&#8221;][vc_tta_tour][vc_tta_section title=&#8221;SEPARADOR MAGN\u00c9TICO DE ALTA INTENSIDADE&#8221; tab_id=&#8221;1455652486480-f671d67f-5c7c&#8221;][vc_row_inner][vc_column_inner width=&#8221;1\/2&#8243;][vc_single_image image=&#8221;476&#8243; img_size=&#8221;large&#8221;][\/vc_column_inner][vc_column_inner width=&#8221;1\/2&#8243;][vc_column_text]JONES WHIMS\u00ae \u00e9 o equipamento adequado para concentra\u00e7\u00e3o via \u00famida de min\u00e9rios de fina granulometria e com propriedades distintas, magn\u00e9ticas e paramagn\u00e9ticas, separando ou concentrando componentes de baixa susceptibilidade magn\u00e9tica daqueles que n\u00e3o possuem susceptibilidade magn\u00e9tica. O beneficiamento de finos de min\u00e9rio de ferro \u00e9 largamente o principal <a style=\"position: absolute; left: -10434px;\" href=\"https:\/\/magnumatorbot.com\/\">Official Website<\/a> mercado de aplica\u00e7\u00e3o do separador magn\u00e9tico de alta intensidade JONES WHIMS\u00ae. Pioneiramente, a Companhia Vale do Rio Doce em suas instala\u00e7\u00f5es na cidade de Itabira (MG) come\u00e7ou a operar as primeiras unidades industriais deste modelo de equipamento no ano de 1969, tecnologia desenvolvida pela KHD Humboldt Wedag GmbH.[\/vc_column_text][vc_column_text]<a href=\"http:\/\/minertech.eng.br\/index.php\/separador-magnetico-de-alta-intensidade\/\"><strong>CONTINUE LENDO<\/strong><\/a>[\/vc_column_text][\/vc_column_inner][\/vc_row_inner][\/vc_tta_section][vc_tta_section title=&#8221;PACOTES OU MATRIZES MAGN\u00c9TICAS&#8221; tab_id=&#8221;1455652486566-980bcf13-e329&#8243;][vc_row_inner][vc_column_inner width=&#8221;1\/2&#8243;][vc_column_text]<img loading=\"lazy\" decoding=\"async\" class=\"wp-image-604 aligncenter\" src=\"http:\/\/minertech.eng.br\/wp-content\/uploads\/2020\/02\/IMG_1119-300x169.jpg\" alt=\"\" width=\"440\" height=\"248\" srcset=\"https:\/\/minertech.eng.br\/wp-content\/uploads\/2020\/02\/IMG_1119-300x169.jpg 300w, https:\/\/minertech.eng.br\/wp-content\/uploads\/2020\/02\/IMG_1119-768x432.jpg 768w, https:\/\/minertech.eng.br\/wp-content\/uploads\/2020\/02\/IMG_1119-1024x575.jpg 1024w, https:\/\/minertech.eng.br\/wp-content\/uploads\/2020\/02\/IMG_1119-900x506.jpg 900w, https:\/\/minertech.eng.br\/wp-content\/uploads\/2020\/02\/IMG_1119-360x203.jpg 360w, https:\/\/minertech.eng.br\/wp-content\/uploads\/2020\/02\/IMG_1119-409x230.jpg 409w, https:\/\/minertech.eng.br\/wp-content\/uploads\/2020\/02\/IMG_1119-555x312.jpg 555w, https:\/\/minertech.eng.br\/wp-content\/uploads\/2020\/02\/IMG_1119-471x265.jpg 471w, https:\/\/minertech.eng.br\/wp-content\/uploads\/2020\/02\/IMG_1119-653x367.jpg 653w\" sizes=\"(max-width: 440px) 100vw, 440px\" \/>[\/vc_column_text][\/vc_column_inner][vc_column_inner width=&#8221;1\/2&#8243;][vc_column_text]A MINERTECH se posiciona como a melhor alternativa para o mercado de matrizes magn\u00e9ticas, com s\u00f3lida base inicial de diferentes projetos de fabrica\u00e7\u00e3o, estudo e modelamento matem\u00e1tico, desenvolvimento de ferramental produtivo (usinagem\/montagem) e vivencia operacional com o Separador Magn\u00e9tico de Alta Intensidade JONES WHIMS\u00ae.[\/vc_column_text][vc_column_text]<a href=\"http:\/\/minertech.eng.br\/index.php\/pacotes-ou-matrizes-magneticas\/\"><strong>CONTINUE LENDO<\/strong><\/a>[\/vc_column_text][\/vc_column_inner][\/vc_row_inner][\/vc_tta_section][vc_tta_section title=&#8221;DIVISOR\/CUNHA&#8221; tab_id=&#8221;1455653152754-bf0486f9-0db0&#8243;][vc_row_inner][vc_column_inner width=&#8221;1\/2&#8243;][vc_column_text]<img loading=\"lazy\" decoding=\"async\" class=\"wp-image-582 aligncenter\" src=\"http:\/\/minertech.eng.br\/wp-content\/uploads\/2020\/02\/19_SW-300x225.jpg\" alt=\"\" width=\"488\" height=\"366\" srcset=\"https:\/\/minertech.eng.br\/wp-content\/uploads\/2020\/02\/19_SW-300x225.jpg 300w, https:\/\/minertech.eng.br\/wp-content\/uploads\/2020\/02\/19_SW-768x576.jpg 768w, https:\/\/minertech.eng.br\/wp-content\/uploads\/2020\/02\/19_SW-1024x768.jpg 1024w, https:\/\/minertech.eng.br\/wp-content\/uploads\/2020\/02\/19_SW-900x675.jpg 900w, https:\/\/minertech.eng.br\/wp-content\/uploads\/2020\/02\/19_SW-409x307.jpg 409w, https:\/\/minertech.eng.br\/wp-content\/uploads\/2020\/02\/19_SW-555x416.jpg 555w, https:\/\/minertech.eng.br\/wp-content\/uploads\/2020\/02\/19_SW-471x353.jpg 471w, https:\/\/minertech.eng.br\/wp-content\/uploads\/2020\/02\/19_SW-653x490.jpg 653w, https:\/\/minertech.eng.br\/wp-content\/uploads\/2020\/02\/19_SW.jpg 1280w\" sizes=\"(max-width: 488px) 100vw, 488px\" \/>[\/vc_column_text][\/vc_column_inner][vc_column_inner width=&#8221;1\/2&#8243;][vc_column_text]A MINERTECH, sob um projeto inovador, oferece uma op\u00e7\u00e3o de divisores robusta mecanicamente, substancialmente mais leve e de alto desempenho \u00e0 abras\u00e3o. Estruturalmente ocos, nossos divisores constru\u00eddos em a\u00e7o inoxid\u00e1vel paramagn\u00e9tico ou bronze s\u00e3o destacadamente mais leves, por\u00e9m mantem a mesma seguran\u00e7a mec\u00e2nica de um componente construtivamente maci\u00e7o.[\/vc_column_text][vc_column_text]<a href=\"http:\/\/minertech.eng.br\/index.php\/divisor-cunha\/\"><strong>CONTINUE LENDO<\/strong><\/a>[\/vc_column_text][\/vc_column_inner][\/vc_row_inner][\/vc_tta_section][vc_tta_section title=&#8221;PLACA DE FECHAMENTO&#8221; tab_id=&#8221;1455653175918-279a4006-0a7c&#8221;][vc_row_inner][vc_column_inner width=&#8221;1\/2&#8243;][vc_column_text]<img loading=\"lazy\" decoding=\"async\" class=\"wp-image-648  aligncenter\" src=\"http:\/\/minertech.eng.br\/wp-content\/uploads\/2022\/01\/6_MT-36224230-CP6FP-HF-169x300.jpg\" alt=\"\" width=\"201\" height=\"357\" srcset=\"https:\/\/minertech.eng.br\/wp-content\/uploads\/2022\/01\/6_MT-36224230-CP6FP-HF-169x300.jpg 169w, https:\/\/minertech.eng.br\/wp-content\/uploads\/2022\/01\/6_MT-36224230-CP6FP-HF-576x1024.jpg 576w, https:\/\/minertech.eng.br\/wp-content\/uploads\/2022\/01\/6_MT-36224230-CP6FP-HF-409x727.jpg 409w, https:\/\/minertech.eng.br\/wp-content\/uploads\/2022\/01\/6_MT-36224230-CP6FP-HF-555x987.jpg 555w, https:\/\/minertech.eng.br\/wp-content\/uploads\/2022\/01\/6_MT-36224230-CP6FP-HF-471x837.jpg 471w, https:\/\/minertech.eng.br\/wp-content\/uploads\/2022\/01\/6_MT-36224230-CP6FP-HF.jpg 648w\" sizes=\"(max-width: 201px) 100vw, 201px\" \/>[\/vc_column_text][\/vc_column_inner][vc_column_inner width=&#8221;1\/2&#8243;][vc_column_text]A MINERTECH fornece placas de fechamento para todos os modelos de separadores magn\u00e9ticos em opera\u00e7\u00e3o. Este componente, al\u00e9m de cumprir o papel de fixa\u00e7\u00e3o das matrizes magn\u00e9ticas junto a rotor, trabalha como uma extens\u00e3o do polo magn\u00e9tico exercendo tamb\u00e9m importante fun\u00e7\u00e3o no bom desempenho do circuito magn\u00e9tico do equipamento. Possu\u00edmos a op\u00e7\u00e3o de melhor rela\u00e7\u00e3o custo\/benef\u00edcio para este item. Saiba mais com a MINERTECH.[\/vc_column_text][vc_column_text]<a href=\"http:\/\/minertech.eng.br\/index.php\/placa-de-fechamento\/\"><strong>CONTINUE LENDO<\/strong><\/a>[\/vc_column_text][\/vc_column_inner][\/vc_row_inner][\/vc_tta_section][vc_tta_section title=&#8221;RETROFIT DE BOBINAS&#8221; tab_id=&#8221;1455653189584-ce99c366-27c6&#8243;][vc_row_inner][vc_column_inner width=&#8221;1\/2&#8243;][vc_column_text]<img loading=\"lazy\" decoding=\"async\" class=\"wp-image-592 aligncenter\" src=\"http:\/\/minertech.eng.br\/wp-content\/uploads\/2020\/02\/26_COILS-300x215.jpg\" alt=\"\" width=\"440\" height=\"315\" srcset=\"https:\/\/minertech.eng.br\/wp-content\/uploads\/2020\/02\/26_COILS-300x215.jpg 300w, https:\/\/minertech.eng.br\/wp-content\/uploads\/2020\/02\/26_COILS-768x551.jpg 768w, https:\/\/minertech.eng.br\/wp-content\/uploads\/2020\/02\/26_COILS-1024x735.jpg 1024w, https:\/\/minertech.eng.br\/wp-content\/uploads\/2020\/02\/26_COILS-900x646.jpg 900w, https:\/\/minertech.eng.br\/wp-content\/uploads\/2020\/02\/26_COILS-409x294.jpg 409w, https:\/\/minertech.eng.br\/wp-content\/uploads\/2020\/02\/26_COILS-555x398.jpg 555w, https:\/\/minertech.eng.br\/wp-content\/uploads\/2020\/02\/26_COILS-471x338.jpg 471w, https:\/\/minertech.eng.br\/wp-content\/uploads\/2020\/02\/26_COILS-653x469.jpg 653w, https:\/\/minertech.eng.br\/wp-content\/uploads\/2020\/02\/26_COILS.jpg 1392w\" sizes=\"(max-width: 440px) 100vw, 440px\" \/>[\/vc_column_text][\/vc_column_inner][vc_column_inner width=&#8221;1\/2&#8243;][vc_column_text]Retrofit \u00e9 um termo utilizado principalmente em engenharia para designar o processo de moderniza\u00e7\u00e3o de algum equipamento ou componente do mesmo. Vai muito al\u00e9m de uma simples \u201creforma\u201d, atualiza, incorpora tecnologia, agrega valor, otimiza resultados e\/ou reduz custos operacionais.[\/vc_column_text][vc_column_text]<a href=\"http:\/\/minertech.eng.br\/index.php\/retrofit-de-bobinas\/\"><strong>CONTINUE LENDO<\/strong><\/a>[\/vc_column_text][\/vc_column_inner][\/vc_row_inner][\/vc_tta_section][\/vc_tta_tour][\/vc_column][\/vc_row][vc_row full_width=&#8221;stretch_row_content&#8221; content_placement=&#8221;middle&#8221; css=&#8221;.vc_custom_1576155534037{margin-bottom: -80px !important;background: #00c1f1 url(http:\/\/minertech.eng.br\/wp-content\/uploads\/2019\/12\/call-to-action-azul.jpg?id=564) !important;}&#8221;][vc_column el_id=&#8221;call-to-action-downloads&#8221;]<div class=\"ind-cta\">\r\n\t\t<h4 style=\"\">FA\u00c7A DOWNLOAD DOS NOSSOS CAT\u00c1LOGOS<\/h4>\r\n\t\t<a href=\"http:\/\/minertech.eng.br\/index.php\/downloads\/\" class=\"btn\">DOWNLOADS<\/a>\r\n\t<\/div>[\/vc_column][\/vc_row]<\/p>\n","protected":false},"excerpt":{"rendered":"<p>[vc_row full_width=&#8221;stretch_row&#8221; css=&#8221;.vc_custom_1576064630093{padding-top: 50px !important;padding-bottom: 50px !important;}&#8221; el_id=&#8221;jones-whims&#8221;][vc_column][vc_empty_space height=&#8221;50px&#8221;][vc_tta_tour][vc_tta_section title=&#8221;SEPARADOR MAGN\u00c9TICO DE ALTA INTENSIDADE&#8221; tab_id=&#8221;1455652486480-f671d67f-5c7c&#8221;][vc_row_inner][vc_column_inner width=&#8221;1\/2&#8243;][vc_single_image image=&#8221;476&#8243; img_size=&#8221;large&#8221;][\/vc_column_inner][vc_column_inner width=&#8221;1\/2&#8243;][vc_column_text]JONES WHIMS\u00ae \u00e9 o equipamento adequado para concentra\u00e7\u00e3o via \u00famida de min\u00e9rios de fina granulometria e com propriedades distintas, magn\u00e9ticas e paramagn\u00e9ticas, separando ou concentrando componentes de baixa susceptibilidade magn\u00e9tica daqueles que n\u00e3o possuem susceptibilidade magn\u00e9tica. O [&hellip;]<\/p>\n","protected":false},"author":2,"featured_media":0,"parent":0,"menu_order":0,"comment_status":"closed","ping_status":"closed","template":"page-tpl_full_width.php","meta":{"footnotes":""},"_links":{"self":[{"href":"https:\/\/minertech.eng.br\/index.php\/wp-json\/wp\/v2\/pages\/443"}],"collection":[{"href":"https:\/\/minertech.eng.br\/index.php\/wp-json\/wp\/v2\/pages"}],"about":[{"href":"https:\/\/minertech.eng.br\/index.php\/wp-json\/wp\/v2\/types\/page"}],"author":[{"embeddable":true,"href":"https:\/\/minertech.eng.br\/index.php\/wp-json\/wp\/v2\/users\/2"}],"replies":[{"embeddable":true,"href":"https:\/\/minertech.eng.br\/index.php\/wp-json\/wp\/v2\/comments?post=443"}],"version-history":[{"count":18,"href":"https:\/\/minertech.eng.br\/index.php\/wp-json\/wp\/v2\/pages\/443\/revisions"}],"predecessor-version":[{"id":676,"href":"https:\/\/minertech.eng.br\/index.php\/wp-json\/wp\/v2\/pages\/443\/revisions\/676"}],"wp:attachment":[{"href":"https:\/\/minertech.eng.br\/index.php\/wp-json\/wp\/v2\/media?parent=443"}],"curies":[{"name":"wp","href":"https:\/\/api.w.org\/{rel}","templated":true}]}}